{"id":647,"date":"2021-03-29T02:13:52","date_gmt":"2021-03-29T02:13:52","guid":{"rendered":"http:\/\/localhost\/nuss\/?page_id=647"},"modified":"2026-02-23T10:42:58","modified_gmt":"2026-02-23T10:42:58","slug":"services","status":"publish","type":"page","link":"https:\/\/chuxinmoshehotel.com\/fr\/services\/","title":{"rendered":"Services"},"content":{"rendered":"<div data-elementor-type=\"wp-page\" data-elementor-id=\"647\" class=\"elementor elementor-647\">\n\t\t\t\t\t\t<section class=\"elementor-section elementor-top-section elementor-element elementor-element-3353bc8 elementor-section-boxed elementor-section-gap-beside-yes elementor-section-height-default elementor-section-height-default elementor-section-column-vertical-align-stretch\" data-id=\"3353bc8\" data-element_type=\"section\" data-e-type=\"section\">\n\t\t\t\t\t\t<div class=\"elementor-container elementor-column-gap-extended\">\n\t\t\t\t\t<div class=\"elementor-column elementor-col-100 elementor-top-column elementor-element elementor-element-0a2bc64\" data-id=\"0a2bc64\" data-element_type=\"column\" data-e-type=\"column\">\n\t\t\t<div class=\"elementor-widget-wrap elementor-element-populated\">\n\t\t\t\t\t\t<div class=\"elementor-element elementor-element-447e3ef elementor-widget__width-initial elementor-invisible elementor-widget elementor-widget-text-editor\" data-id=\"447e3ef\" data-element_type=\"widget\" data-e-type=\"widget\" data-settings=\"{&quot;_animation&quot;:&quot;nussFadeInUp&quot;}\" data-widget_type=\"text-editor.default\">\n\t\t\t\t\t\t\t\t\tGuide complet des services de l&#039;h\u00f4tel Chuxin Moshe (Complexe touristique international de Shanghai)\t\t\t\t\t\t\t\t<\/div>\n\t\t\t\t\t<\/div>\n\t\t<\/div>\n\t\t\t\t\t<\/div>\n\t\t<\/section>\n\t\t<div class=\"elementor-element elementor-element-a81e7b5 e-flex e-con-boxed e-con e-parent\" data-id=\"a81e7b5\" data-element_type=\"container\" data-e-type=\"container\">\n\t\t\t\t\t<div class=\"e-con-inner\">\n\t\t\t\t<div class=\"elementor-element elementor-element-38973c7 elementor-widget elementor-widget-text-editor\" data-id=\"38973c7\" data-element_type=\"widget\" data-e-type=\"widget\" data-widget_type=\"text-editor.default\">\n\t\t\t\t\t\t\t\t\t<h2 class=\"qwen-markdown-heading\"><span class=\"qwen-markdown-text\" data-spm-anchor-id=\"a2ty_o01.29997173.0.i43.33d75171jMLZz8\">Un s\u00e9jour exceptionnel gr\u00e2ce \u00e0 un service hors pair<\/span><\/h2><div class=\"qwen-markdown-paragraph\"><span class=\"qwen-markdown-text\">Dans le paysage concurrentiel de <\/span><strong class=\"qwen-markdown-strong\"><span class=\"qwen-markdown-text\">Complexe touristique international de Shanghai<\/span><\/strong><span class=\"qwen-markdown-text\"> L\u2019hospitalit\u00e9 et les installations \u00e0 elles seules ne d\u00e9finissent pas un h\u00f4tel ; c\u2019est la qualit\u00e9 du service qui transforme un s\u00e9jour en une exp\u00e9rience m\u00e9morable. <\/span><strong class=\"qwen-markdown-strong\"><span class=\"qwen-markdown-text\">H\u00f4tel Chuxin Moshe (Complexe touristique international de Shanghai)<\/span><\/strong><span class=\"qwen-markdown-text\">, Nous sommes fiers d&#039;offrir une gamme compl\u00e8te de services con\u00e7us pour anticiper les besoins de chaque client. Situ\u00e9 \u00e0 <\/span><strong class=\"qwen-markdown-strong\"><span class=\"qwen-markdown-text\">N\u00b0 5, all\u00e9e 2316, rue Zhouzhu, nouveau district de Pudong, Shanghai, Chine<\/span><\/strong><span class=\"qwen-markdown-text\">, notre gamme de services est con\u00e7ue pour vous garantir un confort optimal, que vous veniez pour la magie de <\/span><strong class=\"qwen-markdown-strong\"><span class=\"qwen-markdown-text\">Shanghai Disney Resort<\/span><\/strong><span class=\"qwen-markdown-text\">, menant des affaires \u00e0 <\/span><strong class=\"qwen-markdown-strong\"><span class=\"qwen-markdown-text\">Pudong<\/span><\/strong><span class=\"qwen-markdown-text\">, ou explorer les richesses culturelles de la ville.<\/span><\/div><div class=\"qwen-markdown-space\">\u00a0<\/div><div class=\"qwen-markdown-paragraph\"><span class=\"qwen-markdown-text\">S&#039;inspirant des normes \u00e9lev\u00e9es attendues par les voyageurs sur des plateformes comme <\/span><strong class=\"qwen-markdown-strong\"><span class=\"qwen-markdown-text\">Voyage.com<\/span><\/strong><span class=\"qwen-markdown-text\">, Notre mod\u00e8le de service privil\u00e9gie la r\u00e9activit\u00e9, l&#039;accessibilit\u00e9 et un accompagnement personnalis\u00e9. Cette pr\u00e9sentation d\u00e9taill\u00e9e d\u00e9crit les principaux services propos\u00e9s \u00e0 l&#039;h\u00f4tel Chuxin Moshe et t\u00e9moigne de notre engagement \u00e0 faciliter au maximum votre s\u00e9jour \u00e0 Shanghai.<\/span><\/div><div class=\"qwen-markdown-space\">\u00a0<\/div><h2 class=\"qwen-markdown-heading\"><span class=\"qwen-markdown-text\">Service de r\u00e9ception et de conciergerie 24h\/24<\/span><\/h2><div class=\"qwen-markdown-paragraph\"><span class=\"qwen-markdown-text\">Le c\u0153ur de notre service, c&#039;est notre <\/span><strong class=\"qwen-markdown-strong\"><span class=\"qwen-markdown-text\">R\u00e9ception ouverte 24h\/24<\/span><\/strong><span class=\"qwen-markdown-text\">. Nous comprenons que les horaires de voyage sont impr\u00e9visibles, surtout en ce qui concerne les arriv\u00e9es de vols internationaux. <\/span><strong class=\"qwen-markdown-strong\"><span class=\"qwen-markdown-text\">A\u00e9roport international de Pudong<\/span><\/strong><span class=\"qwen-markdown-text\"> ou des retours tardifs de <\/span><strong class=\"qwen-markdown-strong\"><span class=\"qwen-markdown-text\">Disneytown<\/span><\/strong><span class=\"qwen-markdown-text\">.<\/span><\/div><div class=\"qwen-markdown-space\">\u00a0<\/div><ul class=\"qwen-markdown-list\" dir=\"auto\"><li><strong class=\"qwen-markdown-strong\"><span class=\"qwen-markdown-text\">Assistance 24h\/24 et 7j\/7\u00a0:<\/span><\/strong><span class=\"qwen-markdown-text\"> Notre personnel est disponible 24h\/24 et 7j\/7 pour g\u00e9rer les arriv\u00e9es, les d\u00e9parts et r\u00e9pondre \u00e0 toutes vos demandes urgentes. Que vous arriviez \u00e0 l&#039;aube ou partiez \u00e0 minuit, vous serez accueillis avec le m\u00eame accueil chaleureux et la m\u00eame efficacit\u00e9.<\/span><\/li><li><strong class=\"qwen-markdown-strong\"><span class=\"qwen-markdown-text\">Assistance multilingue\u00a0:<\/span><\/strong><span class=\"qwen-markdown-text\"> Pour accueillir au mieux notre client\u00e8le internationale, notre \u00e9quipe d&#039;accueil comprend du personnel multilingue. Ainsi, les barri\u00e8res linguistiques ne seront pas un obstacle \u00e0 votre exp\u00e9rience et nous pourrons communiquer facilement pour vous orienter, obtenir une assistance d&#039;urgence ou toute autre question relative \u00e0 nos services.<\/span><\/li><li><strong class=\"qwen-markdown-strong\"><span class=\"qwen-markdown-text\">Services de conciergerie locaux\u00a0:<\/span><\/strong><span class=\"qwen-markdown-text\"> Notre \u00e9quipe de conciergerie fait office de guide local. Elle peut vous fournir des informations \u00e0 jour sur <\/span><strong class=\"qwen-markdown-strong\"><span class=\"qwen-markdown-text\">Complexe touristique international de Shanghai<\/span><\/strong><span class=\"qwen-markdown-text\"> attractions, aide \u00e0 r\u00e9server des billets pour les sites locaux et recommande des restaurants authentiques \u00e0 proximit\u00e9 <\/span><strong class=\"qwen-markdown-strong\"><span class=\"qwen-markdown-text\">Route de Zhouzhu<\/span><\/strong><span class=\"qwen-markdown-text\"> que l&#039;on ne trouve pas forc\u00e9ment dans les guides touristiques classiques.<\/span><\/li><\/ul><div class=\"qwen-markdown-space\">\u00a0<\/div><h2 class=\"qwen-markdown-heading\"><span class=\"qwen-markdown-text\">Connectivit\u00e9 et services aux entreprises sans faille<\/span><\/h2><div class=\"qwen-markdown-paragraph\"><span class=\"qwen-markdown-text\">\u00c0 l&#039;\u00e8re moderne, rester connect\u00e9 est une attente fondamentale en mati\u00e8re de services. <\/span><strong class=\"qwen-markdown-strong\"><span class=\"qwen-markdown-text\">H\u00f4tel Chuxin Moshe<\/span><\/strong><span class=\"qwen-markdown-text\"> garantit que la connectivit\u00e9 num\u00e9rique et le soutien aux entreprises sont robustes et fiables.<\/span><\/div><div class=\"qwen-markdown-space\">\u00a0<\/div><ul class=\"qwen-markdown-list\" dir=\"auto\"><li><strong class=\"qwen-markdown-strong\"><span class=\"qwen-markdown-text\">Wi-Fi haut d\u00e9bit gratuit\u00a0:<\/span><\/strong><span class=\"qwen-markdown-text\"> Dans tout l&#039;\u00e9tablissement, y compris dans les chambres, le hall et les espaces de restauration, les clients b\u00e9n\u00e9ficient d&#039;un acc\u00e8s internet sans fil haut d\u00e9bit gratuit. Ce service est optimis\u00e9 pour le streaming, la visioconf\u00e9rence et le partage sur les r\u00e9seaux sociaux, vous permettant ainsi de rester connect\u00e9 avec vos proches ou votre bureau.<\/span><\/li><li><strong class=\"qwen-markdown-strong\"><span class=\"qwen-markdown-text\">Services de soutien aux entreprises\u00a0:<\/span><\/strong><span class=\"qwen-markdown-text\"> Pour les voyageurs d&#039;affaires, nous proposons des services essentiels tels que l&#039;impression, la num\u00e9risation et la photocopie. Accessibles depuis la r\u00e9ception, ces services vous permettent de finaliser vos documents de derni\u00e8re minute sans quitter l&#039;h\u00f4tel.<\/span><\/li><li><strong class=\"qwen-markdown-strong\"><span class=\"qwen-markdown-text\">Environnement de travail favorable :<\/span><\/strong><span class=\"qwen-markdown-text\"> Au-del\u00e0 des services techniques, notre hall d&#039;entr\u00e9e et nos espaces communs sont con\u00e7us pour servir d&#039;espaces de coworking, offrant des prises \u00e9lectriques et des si\u00e8ges confortables aux clients qui ont besoin de travailler en dehors de leur chambre.<\/span><\/li><\/ul><div class=\"qwen-markdown-space\">\u00a0<\/div><h2 class=\"qwen-markdown-heading\"><span class=\"qwen-markdown-text\">Commodit\u00e9 et logistique des voyages<\/span><\/h2><div class=\"qwen-markdown-paragraph\"><span class=\"qwen-markdown-text\">Se d\u00e9placer dans une immense ville comme <\/span><strong class=\"qwen-markdown-strong\"><span class=\"qwen-markdown-text\">Shanghai<\/span><\/strong><span class=\"qwen-markdown-text\"> Cela peut para\u00eetre intimidant. Nos services logistiques sont con\u00e7us pour simplifier vos d\u00e9placements et vous permettre de profiter au maximum de la ville.<\/span><\/div><div class=\"qwen-markdown-space\">\u00a0<\/div><ul class=\"qwen-markdown-list\" dir=\"auto\"><li><strong class=\"qwen-markdown-strong\"><span class=\"qwen-markdown-text\">Consigne \u00e0 bagages :<\/span><\/strong><span class=\"qwen-markdown-text\"> L&#039;un de nos services les plus utilis\u00e9s est notre consigne \u00e0 bagages s\u00e9curis\u00e9e. Les clients arrivant avant l&#039;heure d&#039;enregistrement ou partant apr\u00e8s l&#039;heure de d\u00e9part peuvent y d\u00e9poser leurs bagages en toute s\u00e9curit\u00e9. Ce service est particuli\u00e8rement appr\u00e9ci\u00e9 des familles. <\/span><strong class=\"qwen-markdown-strong\"><span class=\"qwen-markdown-text\">Shanghai Disney Resort<\/span><\/strong><span class=\"qwen-markdown-text\"> le jour de leur d\u00e9part, leur permettant ainsi de profiter une derni\u00e8re fois du parc sans avoir \u00e0 tra\u00eener leurs valises.<\/span><\/li><li><strong class=\"qwen-markdown-strong\"><span class=\"qwen-markdown-text\">Installations de stationnement :<\/span><\/strong><span class=\"qwen-markdown-text\"> Pour les clients voyageant en voiture ou louant un v\u00e9hicule, l&#039;h\u00f4tel propose un parking sur place. Compte tenu de son emplacement \u00e0 <\/span><strong class=\"qwen-markdown-strong\"><span class=\"qwen-markdown-text\">Nouvelle zone de Pudong<\/span><\/strong><span class=\"qwen-markdown-text\">, Disposer d&#039;un parking s\u00e9curis\u00e9 est un atout consid\u00e9rable pour ceux qui explorent la r\u00e9gion par la route.<\/span><\/li><li><strong class=\"qwen-markdown-strong\"><span class=\"qwen-markdown-text\">Organisation du transport :<\/span><\/strong><span class=\"qwen-markdown-text\"> Notre service de conciergerie peut vous aider \u00e0 r\u00e9server un taxi ou une voiture avec chauffeur. Nous pouvons vous conseiller sur l&#039;utilisation des applications de VTC populaires en Chine (comme Didi) et vous aider \u00e0 communiquer votre destination aux chauffeurs si besoin.<\/span><\/li><li><strong class=\"qwen-markdown-strong\"><span class=\"qwen-markdown-text\">Assistance au transfert a\u00e9roportuaire\u00a0:<\/span><\/strong><span class=\"qwen-markdown-text\"> Bien que les services de navette sp\u00e9cifiques puissent varier selon la saison, notre \u00e9quipe se consacre \u00e0 vous aider \u00e0 planifier l&#039;itin\u00e9raire le plus efficace pour vos allers-retours. <\/span><strong class=\"qwen-markdown-strong\"><span class=\"qwen-markdown-text\">A\u00e9roport international de Shanghai-Pudong (PVG)<\/span><\/strong><span class=\"qwen-markdown-text\">, vous assurant ainsi de ne jamais rater un vol en raison de probl\u00e8mes de transport.<\/span><\/li><\/ul><div class=\"qwen-markdown-space\">\u00a0<\/div><h2 class=\"qwen-markdown-heading\"><span class=\"qwen-markdown-text\">Services de soutien aux familles et aux loisirs<\/span><\/h2><div class=\"qwen-markdown-paragraph\"><span class=\"qwen-markdown-text\">En tant qu&#039;h\u00f4tel situ\u00e9 dans le <\/span><strong class=\"qwen-markdown-strong\"><span class=\"qwen-markdown-text\">Complexe touristique international de Shanghai<\/span><\/strong><span class=\"qwen-markdown-text\"> Chez Zone, nous sommes sp\u00e9cialis\u00e9s dans l&#039;accueil des familles et des voyageurs de loisirs. Nos services sont con\u00e7us pour rendre vos vacances en famille plus agr\u00e9ables et sans tracas.<\/span><\/div><div class=\"qwen-markdown-space\">\u00a0<\/div><ul class=\"qwen-markdown-list\" dir=\"auto\"><li><strong class=\"qwen-markdown-strong\"><span class=\"qwen-markdown-text\">\u00c9quipements adapt\u00e9s aux enfants\u00a0:<\/span><\/strong><span class=\"qwen-markdown-text\"> Sur demande, nous pouvons fournir des berceaux ou des lits b\u00e9b\u00e9 pour assurer le sommeil s\u00fbr et confortable des jeunes enfants. Notre personnel est form\u00e9 pour \u00eatre particuli\u00e8rement attentif aux besoins des familles et intervient rapidement pour tout am\u00e9nagement n\u00e9cessaire dans la chambre des enfants.<\/span><\/li><li><strong class=\"qwen-markdown-strong\"><span class=\"qwen-markdown-text\">Conseils pour les parcs d&#039;attractions\u00a0:<\/span><\/strong><span class=\"qwen-markdown-text\"> Notre personnel conna\u00eet parfaitement le fonctionnement des parcs d&#039;attractions des environs. Nous pouvons vous conseiller sur les meilleurs moments pour les visiter. <\/span><strong class=\"qwen-markdown-strong\"><span class=\"qwen-markdown-text\">Shanghai Disney Resort<\/span><\/strong><span class=\"qwen-markdown-text\">, comment se frayer un chemin \u00e0 travers la foule et o\u00f9 trouver les meilleurs points de vue pour les feux d&#039;artifice, ce qui ajoute de la valeur \u00e0 votre achat de billet.<\/span><\/li><li><strong class=\"qwen-markdown-strong\"><span class=\"qwen-markdown-text\">Assistance \u00e0 la r\u00e9servation de visites\u00a0:<\/span><\/strong><span class=\"qwen-markdown-text\"> Nous pouvons aider nos clients \u00e0 trouver des voyagistes locaux r\u00e9put\u00e9s pour des excursions d&#039;une journ\u00e9e dans d&#039;autres quartiers de Shanghai, tels que\u00a0: <\/span><strong class=\"qwen-markdown-strong\"><span class=\"qwen-markdown-text\">Le Bund<\/span><\/strong><span class=\"qwen-markdown-text\">, <\/span><strong class=\"qwen-markdown-strong\"><span class=\"qwen-markdown-text\">Jardin Yu<\/span><\/strong><span class=\"qwen-markdown-text\">, ou le <\/span><strong class=\"qwen-markdown-strong\"><span class=\"qwen-markdown-text\">Tour de Shanghai<\/span><\/strong><span class=\"qwen-markdown-text\">, vous permettant ainsi de d\u00e9couvrir les incontournables de la ville gr\u00e2ce \u00e0 des guides de confiance.<\/span><\/li><\/ul><div class=\"qwen-markdown-space\">\u00a0<\/div><h2 class=\"qwen-markdown-heading\"><span class=\"qwen-markdown-text\">Services d&#039;entretien m\u00e9nager et de blanchisserie<\/span><\/h2><div class=\"qwen-markdown-paragraph\"><span class=\"qwen-markdown-text\">La propret\u00e9 et l&#039;hygi\u00e8ne sont primordiales pour <\/span><strong class=\"qwen-markdown-strong\"><span class=\"qwen-markdown-text\">H\u00f4tel Chuxin Moshe<\/span><\/strong><span class=\"qwen-markdown-text\"> Notre service d&#039;entretien m\u00e9nager et de blanchisserie est con\u00e7u pour vous garantir un environnement impeccable tout au long de votre s\u00e9jour.<\/span><\/div><div class=\"qwen-markdown-space\">\u00a0<\/div><ul class=\"qwen-markdown-list\" dir=\"auto\"><li><strong class=\"qwen-markdown-strong\"><span class=\"qwen-markdown-text\">Entretien m\u00e9nager quotidien :<\/span><\/strong><span class=\"qwen-markdown-text\"> Notre \u00e9quipe d&#039;entretien m\u00e9nager respecte des protocoles de nettoyage stricts, garantissant la d\u00e9sinfection des chambres, le changement des draps et le r\u00e9approvisionnement quotidien des produits d&#039;accueil. Cet engagement envers l&#039;hygi\u00e8ne est un facteur cl\u00e9 de nos excellents avis clients. <\/span><strong class=\"qwen-markdown-strong\"><span class=\"qwen-markdown-text\">Voyage.com<\/span><\/strong><span class=\"qwen-markdown-text\">.<\/span><\/li><li><strong class=\"qwen-markdown-strong\"><span class=\"qwen-markdown-text\">Blanchisserie et nettoyage \u00e0 sec :<\/span><\/strong><span class=\"qwen-markdown-text\"> Pour les s\u00e9jours prolong\u00e9s ou les voyages d&#039;affaires, nous proposons un service de blanchisserie et de nettoyage \u00e0 sec. Vos v\u00eatements peuvent \u00eatre r\u00e9cup\u00e9r\u00e9s dans votre chambre et vous \u00eatre rendus propres et repass\u00e9s, vous permettant ainsi de voyager l\u00e9ger et d&#039;avoir toujours une allure impeccable.<\/span><\/li><li><strong class=\"qwen-markdown-strong\"><span class=\"qwen-markdown-text\">\u00c9quipement de repassage :<\/span><\/strong><span class=\"qwen-markdown-text\"> Sur demande, des planches et des fers \u00e0 repasser peuvent \u00eatre mis \u00e0 disposition dans les chambres, vous permettant ainsi de g\u00e9rer vos petits besoins vestimentaires en toute intimit\u00e9 et commodit\u00e9.<\/span><\/li><\/ul><div class=\"qwen-markdown-space\">\u00a0<\/div><h2 class=\"qwen-markdown-heading\"><span class=\"qwen-markdown-text\">Services de s\u00e9curit\u00e9 et de s\u00fbret\u00e9<\/span><\/h2><div class=\"qwen-markdown-paragraph\"><span class=\"qwen-markdown-text\">Votre tranquillit\u00e9 d&#039;esprit est notre priorit\u00e9. <\/span><strong class=\"qwen-markdown-strong\"><span class=\"qwen-markdown-text\">H\u00f4tel Chuxin Moshe<\/span><\/strong><span class=\"qwen-markdown-text\"> met en \u0153uvre des mesures de s\u00e9curit\u00e9 rigoureuses pour prot\u00e9ger les clients et leurs biens.<\/span><\/div><div class=\"qwen-markdown-space\">\u00a0<\/div><ul class=\"qwen-markdown-list\" dir=\"auto\"><li><strong class=\"qwen-markdown-strong\"><span class=\"qwen-markdown-text\">S\u00e9curit\u00e9 24h\/24\u00a0:<\/span><\/strong><span class=\"qwen-markdown-text\"> L&#039;\u00e9tablissement est plac\u00e9 sous surveillance 24h\/24 et 7j\/7 par du personnel de s\u00e9curit\u00e9 et des syst\u00e8mes de vid\u00e9osurveillance. Ceci garantit un environnement s\u00fbr \u00e0 tous les clients, quelle que soit l&#039;heure de leur retour \u00e0 l&#039;h\u00f4tel.<\/span><\/li><li><strong class=\"qwen-markdown-strong\"><span class=\"qwen-markdown-text\">Coffres-forts dans les chambres\u00a0:<\/span><\/strong><span class=\"qwen-markdown-text\"> Les chambres sont \u00e9quip\u00e9es de coffres-forts \u00e9lectroniques, offrant un endroit s\u00fbr pour ranger passeports, objets de valeur et appareils \u00e9lectroniques pendant vos excursions. <\/span><strong class=\"qwen-markdown-strong\"><span class=\"qwen-markdown-text\">Nouvelle zone de Pudong<\/span><\/strong><span class=\"qwen-markdown-text\">.<\/span><\/li><li><strong class=\"qwen-markdown-strong\"><span class=\"qwen-markdown-text\">Contr\u00f4le d&#039;acc\u00e8s\u00a0:<\/span><\/strong><span class=\"qwen-markdown-text\"> L&#039;h\u00f4tel assure un acc\u00e8s s\u00e9curis\u00e9 aux \u00e9tages r\u00e9serv\u00e9s aux clients, garantissant que seuls les clients enregistr\u00e9s et le personnel autoris\u00e9 puissent p\u00e9n\u00e9trer dans les zones r\u00e9sidentielles. Ce niveau de s\u00e9curit\u00e9 suppl\u00e9mentaire offre un confort accru aux voyageurs solitaires comme aux familles.<\/span><\/li><\/ul><div class=\"qwen-markdown-space\">\u00a0<\/div><h2 class=\"qwen-markdown-heading\"><span class=\"qwen-markdown-text\">Pourquoi nos services se distinguent \u00e0 Pudong<\/span><\/h2><div class=\"qwen-markdown-paragraph\"><span class=\"qwen-markdown-text\">Qu&#039;est-ce qui diff\u00e9rencie les services chez <\/span><strong class=\"qwen-markdown-strong\"><span class=\"qwen-markdown-text\">H\u00f4tel Chuxin Moshe (Complexe touristique international de Shanghai)<\/span><\/strong><span class=\"qwen-markdown-text\"> d&#039;autres propri\u00e9t\u00e9s dans <\/span><strong class=\"qwen-markdown-strong\"><span class=\"qwen-markdown-text\">Shanghai<\/span><\/strong><span class=\"qwen-markdown-text\">C\u2019est la combinaison de l\u2019efficacit\u00e9 et de l\u2019empathie. Nous ne fournissons pas seulement un service\u00a0; nous fournissons une solution.<\/span><\/div><div class=\"qwen-markdown-space\">\u00a0<\/div><div class=\"qwen-markdown-paragraph\"><span class=\"qwen-markdown-text\">Lorsque vous consultez la liste des \u00e9quipements pour <\/span><strong class=\"qwen-markdown-strong\"><span class=\"qwen-markdown-text\">N\u00b0 5, voie 2316, route Zhouzhu<\/span><\/strong><span class=\"qwen-markdown-text\">, Vous y trouverez des services standards comme le Wi-Fi et le parking. Cependant, le <\/span><em><span class=\"qwen-markdown-text\">ex\u00e9cution<\/span><\/em><span class=\"qwen-markdown-text\"> C\u2019est dans ces services que nous excellons. Notre personnel est habilit\u00e9 \u00e0 se surpasser, qu\u2019il s\u2019agisse de r\u00e9chauffer un biberon, de conserver des en-cas p\u00e9rissables pour un enfant ou de vous r\u00e9veiller par un coup de fil de courtoisie pour un vol matinal. Cette attention personnalis\u00e9e est ce qui nous permet d\u2019obtenir les excellentes notes de service que nous visons sur les plateformes de voyage.<\/span><\/div><div class=\"qwen-markdown-space\">\u00a0<\/div><h2 class=\"qwen-markdown-heading\"><span class=\"qwen-markdown-text\">D\u00e9couvrez la diff\u00e9rence Chuxin Moshe<\/span><\/h2><div class=\"qwen-markdown-paragraph\"><span class=\"qwen-markdown-text\">Nos services sont con\u00e7us pour \u00eatre discrets jusqu&#039;\u00e0 ce que vous en ayez besoin, puis imm\u00e9diatement disponibles lorsque c&#039;est le cas. Nous avons pour objectif de simplifier vos d\u00e9placements afin que vous puissiez vous concentrer sur le but de votre voyage\u00a0: affaires, loisirs ou moments en famille.<\/span><\/div><div class=\"qwen-markdown-space\">\u00a0<\/div><div class=\"qwen-markdown-paragraph\"><span class=\"qwen-markdown-text\">En choisissant <\/span><strong class=\"qwen-markdown-strong\"><span class=\"qwen-markdown-text\">H\u00f4tel Chuxin Moshe<\/span><\/strong><span class=\"qwen-markdown-text\">, En choisissant notre \u00e9tablissement, vous faites appel \u00e0 un partenaire pour votre voyage. De votre premi\u00e8re demande de r\u00e9servation jusqu&#039;\u00e0 votre d\u00e9part pour l&#039;a\u00e9roport, notre \u00e9quipe s&#039;engage \u00e0 prendre en charge chaque d\u00e9tail logistique avec le plus grand soin. Nous vous invitons \u00e0 d\u00e9couvrir le confort, la s\u00e9curit\u00e9 et l&#039;accueil chaleureux de notre \u00e9tablissement.<\/span><\/div><div class=\"qwen-markdown-space\">\u00a0<\/div><div class=\"qwen-markdown-paragraph\" data-spm-anchor-id=\"a2ty_o01.29997173.0.i45.33d75171jMLZz8\"><span class=\"qwen-markdown-text\">Planifiez votre s\u00e9jour d\u00e8s aujourd&#039;hui et d\u00e9couvrez comment nos services d\u00e9di\u00e9s \u00e0 <\/span><strong class=\"qwen-markdown-strong\"><span class=\"qwen-markdown-text\">N\u00b0 5, all\u00e9e 2316, rue Zhouzhu, nouveau district de Pudong, Shanghai, Chine<\/span><\/strong><span class=\"qwen-markdown-text\"> Nous pouvons sublimer votre aventure \u00e0 Shanghai. Laissez-nous nous occuper des d\u00e9tails pendant que vous cr\u00e9ez des souvenirs inoubliables.<\/span><\/div>\t\t\t\t\t\t\t\t<\/div>\n\t\t\t\t\t<\/div>\n\t\t\t\t<\/div>\n\t\t\t\t<\/div>","protected":false},"excerpt":{"rendered":"<p>Comprehensive Guide to Services at Chuxin Moshe Hotel (Shanghai International Tourism Resort) Elevating Your Stay Through Exceptional Service In the competitive landscape of Shanghai International Tourism Resort hospitality, facilities alone do not define a hotel; it is the quality of service that transforms a stay into a memorable experience. At Chuxin Moshe Hotel (Shanghai International [&hellip;]<\/p>\n","protected":false},"author":1,"featured_media":0,"parent":0,"menu_order":0,"comment_status":"closed","ping_status":"closed","template":"","meta":{"footnotes":""},"class_list":["post-647","page","type-page","status-publish","hentry","post-no-thumbnail"],"_links":{"self":[{"href":"https:\/\/chuxinmoshehotel.com\/fr\/wp-json\/wp\/v2\/pages\/647","targetHints":{"allow":["GET"]}}],"collection":[{"href":"https:\/\/chuxinmoshehotel.com\/fr\/wp-json\/wp\/v2\/pages"}],"about":[{"href":"https:\/\/chuxinmoshehotel.com\/fr\/wp-json\/wp\/v2\/types\/page"}],"author":[{"embeddable":true,"href":"https:\/\/chuxinmoshehotel.com\/fr\/wp-json\/wp\/v2\/users\/1"}],"replies":[{"embeddable":true,"href":"https:\/\/chuxinmoshehotel.com\/fr\/wp-json\/wp\/v2\/comments?post=647"}],"version-history":[{"count":0,"href":"https:\/\/chuxinmoshehotel.com\/fr\/wp-json\/wp\/v2\/pages\/647\/revisions"}],"wp:attachment":[{"href":"https:\/\/chuxinmoshehotel.com\/fr\/wp-json\/wp\/v2\/media?parent=647"}],"curies":[{"name":"wp","href":"https:\/\/api.w.org\/{rel}","templated":true}]}}