{"id":2105,"date":"2021-03-24T07:25:45","date_gmt":"2021-03-24T07:25:45","guid":{"rendered":"http:\/\/localhost\/nuss\/?page_id=235"},"modified":"2026-02-23T10:36:50","modified_gmt":"2026-02-23T10:36:50","slug":"faqs","status":"publish","type":"page","link":"https:\/\/chuxinmoshehotel.com\/de\/faqs\/","title":{"rendered":"H\u00e4ufig gestellte Fragen"},"content":{"rendered":"<div data-elementor-type=\"wp-page\" data-elementor-id=\"2105\" class=\"elementor elementor-2105\">\n\t\t\t\t\t\t<section class=\"elementor-section elementor-top-section elementor-element elementor-element-2a96a73 elementor-section-boxed elementor-section-gap-beside-yes elementor-section-height-default elementor-section-height-default elementor-section-column-vertical-align-stretch\" data-id=\"2a96a73\" data-element_type=\"section\" data-e-type=\"section\">\n\t\t\t\t\t\t<div class=\"elementor-container elementor-column-gap-extended\">\n\t\t\t\t\t<div class=\"elementor-column elementor-col-100 elementor-top-column elementor-element elementor-element-98ef20c\" data-id=\"98ef20c\" data-element_type=\"column\" data-e-type=\"column\">\n\t\t\t<div class=\"elementor-widget-wrap elementor-element-populated\">\n\t\t\t\t\t\t<div class=\"elementor-element elementor-element-97088c0 elementor-widget__width-initial elementor-invisible elementor-widget elementor-widget-text-editor\" data-id=\"97088c0\" data-element_type=\"widget\" data-e-type=\"widget\" data-settings=\"{&quot;_animation&quot;:&quot;nussFadeInUp&quot;}\" data-widget_type=\"text-editor.default\">\n\t\t\t\t\t\t\t\t\tH\u00e4ufig gestellte Fragen (FAQs) zum Chuxin Moshe Hotel (Shanghai International Tourism Resort)\t\t\t\t\t\t\t\t<\/div>\n\t\t\t\t\t<\/div>\n\t\t<\/div>\n\t\t\t\t\t<\/div>\n\t\t<\/section>\n\t\t\t\t<section class=\"elementor-section elementor-top-section elementor-element elementor-element-b184647 elementor-section-gap-beside-no elementor-section-boxed elementor-section-height-default elementor-section-height-default elementor-section-column-vertical-align-stretch\" data-id=\"b184647\" data-element_type=\"section\" data-e-type=\"section\">\n\t\t\t\t\t\t<div class=\"elementor-container elementor-column-gap-extended\">\n\t\t\t\t\t<div class=\"elementor-column elementor-col-100 elementor-top-column elementor-element elementor-element-1d49749\" data-id=\"1d49749\" data-element_type=\"column\" data-e-type=\"column\">\n\t\t\t<div class=\"elementor-widget-wrap elementor-element-populated\">\n\t\t\t\t\t\t<div class=\"elementor-element elementor-element-b986a9e elementor-invisible elementor-widget elementor-widget-nuss-heading\" data-id=\"b986a9e\" data-element_type=\"widget\" data-e-type=\"widget\" data-settings=\"{&quot;_animation&quot;:&quot;nussFadeInUp&quot;}\" data-widget_type=\"nuss-heading.default\">\n\t\t\t\t<div class=\"elementor-widget-container\">\n\t\t\t\t\t\t\t<div class=\"nuss-modern-heading\">\r\n\t\t\t\r\n\t\t\t\t\t\t<div class=\"heading-primary-wrap\">\r\n\t\t\t\t<h4 class=\"heading-primary elementor-heading-title\">H\u00e4ufig gestellte Fragen<\/h4>\t\t\t<\/div>\r\n\t\t\r\n\t\t\t\t\t\t<div class=\"heading-divider-wrap\">\r\n\t\t\t\t<div class=\"heading-divider\" style=\"left: 0px;top: 6px\"><\/div>\r\n\t\t\t<\/div>\r\n\t\r\n\t\t\t\t\t<\/div>\r\n\t\t\t\t\t<\/div>\n\t\t\t\t<\/div>\n\t\t\t\t<div class=\"elementor-element elementor-element-50f0733 elementor-invisible elementor-widget elementor-widget-heading\" data-id=\"50f0733\" data-element_type=\"widget\" data-e-type=\"widget\" data-settings=\"{&quot;_animation&quot;:&quot;nussFadeInUp&quot;}\" data-widget_type=\"heading.default\">\n\t\t\t\t\t<h2 class=\"elementor-heading-title elementor-size-default\">Fragen und Antworten<\/h2>\t\t\t\t<\/div>\n\t\t\t\t\t<\/div>\n\t\t<\/div>\n\t\t\t\t\t<\/div>\n\t\t<\/section>\n\t\t<div class=\"elementor-element elementor-element-26ada3a e-flex e-con-boxed e-con e-parent\" data-id=\"26ada3a\" data-element_type=\"container\" data-e-type=\"container\">\n\t\t\t\t\t<div class=\"e-con-inner\">\n\t\t\t\t<div class=\"elementor-element elementor-element-8c4b1d5 elementor-widget elementor-widget-text-editor\" data-id=\"8c4b1d5\" data-element_type=\"widget\" data-e-type=\"widget\" data-widget_type=\"text-editor.default\">\n\t\t\t\t\t\t\t\t\t<h2 class=\"qwen-markdown-heading\"><span class=\"qwen-markdown-text\">Lage und Transport<\/span><\/h2><h3 class=\"qwen-markdown-heading\"><span class=\"qwen-markdown-text\">1. Wo genau befindet sich das Chuxin Moshe Hotel?<\/span><\/h3><div class=\"qwen-markdown-paragraph\"><span class=\"qwen-markdown-text\">Das Hotel befindet sich in <\/span><strong class=\"qwen-markdown-strong\"><span class=\"qwen-markdown-text\">Nr. 5, Lane 2316, Zhouzhu Road, Pudong New Area, Shanghai, China<\/span><\/strong><span class=\"qwen-markdown-text\">. Es ist strategisch g\u00fcnstig gelegen innerhalb der <\/span><strong class=\"qwen-markdown-strong\"><span class=\"qwen-markdown-text\">Shanghai International Tourism Resort<\/span><\/strong><span class=\"qwen-markdown-text\"> Die Zone bietet ein ausgewogenes Verh\u00e4ltnis zwischen der guten Erreichbarkeit wichtiger Sehensw\u00fcrdigkeiten und einer ruhigeren, vorst\u00e4dtischen Umgebung.<\/span><\/div><div class=\"qwen-markdown-space\">\u00a0<\/div><h3 class=\"qwen-markdown-heading\"><span class=\"qwen-markdown-text\">2. Wie weit ist das Hotel vom Shanghai Disney Resort entfernt?<\/span><\/h3><div class=\"qwen-markdown-paragraph\"><span class=\"qwen-markdown-text\">Der <\/span><strong class=\"qwen-markdown-strong\"><span class=\"qwen-markdown-text\">Chuxin Moshe Hotel<\/span><\/strong><span class=\"qwen-markdown-text\"> ist sehr nah an <\/span><strong class=\"qwen-markdown-strong\"><span class=\"qwen-markdown-text\">Shanghai Disney Resort<\/span><\/strong><span class=\"qwen-markdown-text\">. Die genauen Entfernungen k\u00f6nnen je nach Eingang variieren, aber in der Regel ist es nur eine kurze Autofahrt (ca. 10-15 Minuten), was es zu einer sehr praktischen Option f\u00fcr Familien macht, die mehrere Tage im Park verbringen m\u00f6chten.<\/span><\/div><div class=\"qwen-markdown-space\">\u00a0<\/div><h3 class=\"qwen-markdown-heading\"><span class=\"qwen-markdown-text\">3. Bietet das Hotel einen kostenlosen Shuttle-Service nach Disney an?<\/span><\/h3><div class=\"qwen-markdown-paragraph\"><span class=\"qwen-markdown-text\">Viele Hotels in der <\/span><strong class=\"qwen-markdown-strong\"><span class=\"qwen-markdown-text\">Shanghai International Tourism Resort<\/span><\/strong><span class=\"qwen-markdown-text\"> In der Umgebung werden Shuttle-Services angeboten. G\u00e4ste werden gebeten, sich an die Rezeption zu wenden. <\/span><strong class=\"qwen-markdown-strong\"><span class=\"qwen-markdown-text\">Chuxin Moshe Hotel<\/span><\/strong><span class=\"qwen-markdown-text\" data-spm-anchor-id=\"a2ty_o01.29997173.0.i26.33d75171jMLZz8\"> Bei der Buchung sollten Sie den aktuellen Shuttle-Fahrplan, die Verf\u00fcgbarkeit und eventuell anfallende Geb\u00fchren f\u00fcr den Transfer best\u00e4tigen. <\/span><strong class=\"qwen-markdown-strong\"><span class=\"qwen-markdown-text\">Disneytown<\/span><\/strong><span class=\"qwen-markdown-text\"> oder dem Parkeingang.<\/span><\/div><div class=\"qwen-markdown-space\">\u00a0<\/div><h3 class=\"qwen-markdown-heading\"><span class=\"qwen-markdown-text\">4. Wie komme ich vom internationalen Flughafen Shanghai Pudong (PVG) zum Hotel?<\/span><\/h3><div class=\"qwen-markdown-paragraph\"><span class=\"qwen-markdown-text\">Das Hotel liegt g\u00fcnstig in der N\u00e4he <\/span><strong class=\"qwen-markdown-strong\"><span class=\"qwen-markdown-text\">Internationaler Flughafen Pudong<\/span><\/strong><span class=\"qwen-markdown-text\">. Die Fahrt dauert je nach Verkehrslage in der Regel 20 bis 30 Minuten. G\u00e4ste k\u00f6nnen bequem ein Taxi rufen, Fahrdienst-Apps wie Didi nutzen oder \u00fcber den Hotelconcierge einen privaten Abholservice buchen.<\/span><\/div><div class=\"qwen-markdown-space\">\u00a0<\/div><h3 class=\"qwen-markdown-heading\"><span class=\"qwen-markdown-text\">5. Gibt es \u00f6ffentliche Verkehrsmittel in der N\u00e4he?<\/span><\/h3><div class=\"qwen-markdown-paragraph\"><span class=\"qwen-markdown-text\">Ja, die <\/span><strong class=\"qwen-markdown-strong\"><span class=\"qwen-markdown-text\">Pudong New Area<\/span><\/strong><span class=\"qwen-markdown-text\"> ist gut angebunden. Das Hotel liegt in einer etwas ruhigeren Gegend. <\/span><strong class=\"qwen-markdown-strong\"><span class=\"qwen-markdown-text\">Zhouzhu-Stra\u00dfe<\/span><\/strong><span class=\"qwen-markdown-text\">, Bushaltestellen und U-Bahn-Stationen befinden sich in angemessener Entfernung. An der Rezeption erhalten Sie aktuelle Fahrpl\u00e4ne und Wegbeschreibungen f\u00fcr die Shanghaier U-Bahn, um ins Stadtzentrum oder in die Stadt zu gelangen. <\/span><strong class=\"qwen-markdown-strong\"><span class=\"qwen-markdown-text\">Finanzviertel Lujiazui<\/span><\/strong><span class=\"qwen-markdown-text\">.<\/span><\/div><div class=\"qwen-markdown-space\">\u00a0<\/div><h3 class=\"qwen-markdown-heading\"><span class=\"qwen-markdown-text\">6. Stehen am Hotel Parkpl\u00e4tze zur Verf\u00fcgung?<\/span><\/h3><div class=\"qwen-markdown-paragraph\"><span class=\"qwen-markdown-text\">F\u00fcr G\u00e4ste, die mit dem Auto anreisen oder ein Fahrzeug mieten, <\/span><strong class=\"qwen-markdown-strong\"><span class=\"qwen-markdown-text\">Chuxin Moshe Hotel<\/span><\/strong><span class=\"qwen-markdown-text\"> Das Hotel bietet in der Regel Parkpl\u00e4tze vor Ort. Es empfiehlt sich, das Hotel im Voraus zu informieren, falls Sie einen Parkplatz ben\u00f6tigen, insbesondere w\u00e4hrend der touristischen Hochsaison, da die Verf\u00fcgbarkeit dann eingeschr\u00e4nkt sein kann.<\/span><\/div><div class=\"qwen-markdown-space\">\u00a0<\/div><div class=\"qwen-markdown-hr\"><hr \/><\/div><div class=\"qwen-markdown-space\">\u00a0<\/div><h2 class=\"qwen-markdown-heading\"><span class=\"qwen-markdown-text\">Einchecken, Auschecken und Richtlinien<\/span><\/h2><h3 class=\"qwen-markdown-heading\"><span class=\"qwen-markdown-text\">7. Was sind die \u00fcblichen Ein- und Auscheckzeiten?<\/span><\/h3><div class=\"qwen-markdown-paragraph\"><span class=\"qwen-markdown-text\">Die \u00fcbliche Check-in-Zeit betr\u00e4gt ungef\u00e4hr <\/span><strong class=\"qwen-markdown-strong\"><span class=\"qwen-markdown-text\">14:00 Uhr<\/span><\/strong><span class=\"qwen-markdown-text\">, und der Check-out erfolgt in der Regel durch <\/span><strong class=\"qwen-markdown-strong\"><span class=\"qwen-markdown-text\">12:00 Uhr (Mittag)<\/span><\/strong><span class=\"qwen-markdown-text\">. Diese Zeiten erm\u00f6glichen es dem Reinigungsteam, die in den G\u00e4stebewertungen hervorgehobenen hohen Sauberkeitsstandards aufrechtzuerhalten.<\/span><\/div><div class=\"qwen-markdown-space\">\u00a0<\/div><h3 class=\"qwen-markdown-heading\"><span class=\"qwen-markdown-text\">8. Kann ich einen fr\u00fchen Check-in oder sp\u00e4ten Check-out anfragen?<\/span><\/h3><div class=\"qwen-markdown-paragraph\"><span class=\"qwen-markdown-text\">Fr\u00fcher Check-in und sp\u00e4ter Check-out sind je nach Verf\u00fcgbarkeit m\u00f6glich. Bei fr\u00fcher Anreise kann das Hotel Ihr Gep\u00e4ck oft aufbewahren, w\u00e4hrend Sie die Umgebung erkunden. F\u00fcr einen sp\u00e4ten Check-out kann je nach ben\u00f6tigter Zeit eine zus\u00e4tzliche Geb\u00fchr anfallen. Bitte erkundigen Sie sich bei Ihrer Ankunft an der Rezeption.<\/span><\/div><div class=\"qwen-markdown-space\">\u00a0<\/div><h3 class=\"qwen-markdown-heading\"><span class=\"qwen-markdown-text\">9. Welchen Ausweis ben\u00f6tige ich zum Einchecken?<\/span><\/h3><div class=\"qwen-markdown-paragraph\"><span class=\"qwen-markdown-text\">Alle G\u00e4ste, auch Kinder, m\u00fcssen beim Check-in einen g\u00fcltigen Ausweis vorlegen. F\u00fcr internationale Reisende gilt: <\/span><strong class=\"qwen-markdown-strong\"><span class=\"qwen-markdown-text\">Reisepass<\/span><\/strong><span class=\"qwen-markdown-text\"> ist erforderlich. Inlandsreisende in China nutzen \u00fcblicherweise ihren Personalausweis. Dies ist eine standardm\u00e4\u00dfige beh\u00f6rdliche Anforderung f\u00fcr Hotels in China. <\/span><strong class=\"qwen-markdown-strong\"><span class=\"qwen-markdown-text\">Shanghai, China<\/span><\/strong><span class=\"qwen-markdown-text\">.<\/span><\/div><div class=\"qwen-markdown-space\">\u00a0<\/div><h3 class=\"qwen-markdown-heading\"><span class=\"qwen-markdown-text\">10. Sind Haustiere im Hotel erlaubt?<\/span><\/h3><div class=\"qwen-markdown-paragraph\"><span class=\"qwen-markdown-text\">Die Haustierrichtlinien k\u00f6nnen variieren. Einige Boutique-Hotels in <\/span><strong class=\"qwen-markdown-strong\"><span class=\"qwen-markdown-text\">Pudong<\/span><\/strong><span class=\"qwen-markdown-text\"> Haustiere sind in vielen F\u00e4llen willkommen, jedoch gelten aufgrund von Hygienevorschriften Einschr\u00e4nkungen. Bitte kontaktieren Sie uns. <\/span><strong class=\"qwen-markdown-strong\"><span class=\"qwen-markdown-text\">Chuxin Moshe Hotel<\/span><\/strong><span class=\"qwen-markdown-text\"> Bitte erkundigen Sie sich unmittelbar vor Ihrer Reise, ob Haustiere erlaubt sind und ob zus\u00e4tzliche Reinigungsgeb\u00fchren anfallen.<\/span><\/div><div class=\"qwen-markdown-space\">\u00a0<\/div><div class=\"qwen-markdown-hr\"><hr \/><\/div><div class=\"qwen-markdown-space\">\u00a0<\/div><h2 class=\"qwen-markdown-heading\"><span class=\"qwen-markdown-text\">Zimmer und Ausstattung<\/span><\/h2><h3 class=\"qwen-markdown-heading\"><span class=\"qwen-markdown-text\">11. Ist WLAN in den Zimmern verf\u00fcgbar?<\/span><\/h3><div class=\"qwen-markdown-paragraph\"><span class=\"qwen-markdown-text\">Ja, <\/span><strong class=\"qwen-markdown-strong\"><span class=\"qwen-markdown-text\">Hochgeschwindigkeits-WLAN<\/span><\/strong><span class=\"qwen-markdown-text\"> Internet ist im gesamten Hotel verf\u00fcgbar, einschlie\u00dflich aller G\u00e4stezimmer und \u00f6ffentlichen Bereiche. Dies ist ein wichtiges Merkmal sowohl f\u00fcr Gesch\u00e4ftsreisende als auch f\u00fcr Urlauber, die in Verbindung bleiben m\u00f6chten, wie in unserer \u00dcbersicht der Business-Einrichtungen hervorgehoben wird.<\/span><\/div><div class=\"qwen-markdown-space\">\u00a0<\/div><h3 class=\"qwen-markdown-heading\"><span class=\"qwen-markdown-text\">12. Verf\u00fcgen die Zimmer \u00fcber einen Arbeitsbereich?<\/span><\/h3><div class=\"qwen-markdown-paragraph\"><span class=\"qwen-markdown-text\">Ja, die Zimmer sind auf die Bed\u00fcrfnisse moderner Reisender zugeschnitten und beinhalten in der Regel Folgendes: <\/span><strong class=\"qwen-markdown-strong\"><span class=\"qwen-markdown-text\">dedizierter ergonomischer Arbeitsplatz<\/span><\/strong><span class=\"qwen-markdown-text\"> mit ausreichender Beleuchtung und Steckdosen, geeignet f\u00fcr die Nutzung mit Laptops und f\u00fcr Fernarbeit.<\/span><\/div><div class=\"qwen-markdown-space\">\u00a0<\/div><h3 class=\"qwen-markdown-heading\"><span class=\"qwen-markdown-text\">13. Ist das Fr\u00fchst\u00fcck im Zimmerpreis inbegriffen?<\/span><\/h3><div class=\"qwen-markdown-paragraph\"><span class=\"qwen-markdown-text\">Ob das Fr\u00fchst\u00fcck inbegriffen ist, h\u00e4ngt vom gew\u00e4hlten Buchungspaket ab. Einige Tarife beinhalten ein t\u00e4gliches Fr\u00fchst\u00fccksbuffet oder ein Men\u00fc, andere nur das Fr\u00fchst\u00fcck auf dem Zimmer. Bitte \u00fcberpr\u00fcfen Sie Ihre Buchungsbest\u00e4tigung. <\/span><strong class=\"qwen-markdown-strong\"><span class=\"qwen-markdown-text\">Trip.com<\/span><\/strong><span class=\"qwen-markdown-text\"> oder nutzen Sie Ihre bevorzugte Buchungsplattform f\u00fcr weitere Informationen.<\/span><\/div><div class=\"qwen-markdown-space\">\u00a0<\/div><h3 class=\"qwen-markdown-heading\"><span class=\"qwen-markdown-text\">14. Sind Familienzimmer oder Suiten verf\u00fcgbar?<\/span><\/h3><div class=\"qwen-markdown-paragraph\"><span class=\"qwen-markdown-text\">Das Hotel bietet verschiedene Zimmerkategorien f\u00fcr unterschiedliche Gruppengr\u00f6\u00dfen. Familienzimmer oder Zimmer mit Verbindungst\u00fcr sind auf Anfrage verf\u00fcgbar. Eine fr\u00fchzeitige Buchung wird empfohlen, insbesondere in den Schulferien und der Hauptsaison f\u00fcr Disney-Besucher.<\/span><\/div><div class=\"qwen-markdown-space\">\u00a0<\/div><h3 class=\"qwen-markdown-heading\"><span class=\"qwen-markdown-text\">15. Kann ich ein Kinderbett oder ein Zustellbett f\u00fcr Kinder anfordern?<\/span><\/h3><div class=\"qwen-markdown-paragraph\"><span class=\"qwen-markdown-text\">Ja, das Hotel ist in der Regel familienfreundlich mit kleinen Kindern. Babybetten oder Zustellbetten k\u00f6nnen je nach Verf\u00fcgbarkeit angefragt werden. F\u00fcr Zustellbetten kann ein Aufpreis anfallen. Bitte kl\u00e4ren Sie dies daher vor Ihrer Anreise mit unserem Reservierungsteam ab.<\/span><\/div><div class=\"qwen-markdown-space\">\u00a0<\/div><h3 class=\"qwen-markdown-heading\"><span class=\"qwen-markdown-text\">16. Verf\u00fcgt das Hotel \u00fcber ein Fitnessstudio oder ein Fitnesscenter?<\/span><\/h3><div class=\"qwen-markdown-paragraph\"><span class=\"qwen-markdown-text\">Die Ausstattung kann variieren, aber viele Hotels dieser Kategorie bieten grundlegende Fitnessm\u00f6glichkeiten. Wenn Ihnen ein Fitnessstudio f\u00fcr Ihren Aufenthalt wichtig ist, erkundigen Sie sich bitte vor der Buchung direkt beim Hotel nach dem aktuellen Status des Fitnesscenters.<\/span><\/div><div class=\"qwen-markdown-space\">\u00a0<\/div><div class=\"qwen-markdown-hr\"><hr \/><\/div><div class=\"qwen-markdown-space\">\u00a0<\/div><h2 class=\"qwen-markdown-heading\"><span class=\"qwen-markdown-text\">Service und Komfort<\/span><\/h2><h3 class=\"qwen-markdown-heading\"><span class=\"qwen-markdown-text\">17. Wird ein W\u00e4scheservice angeboten?<\/span><\/h3><div class=\"qwen-markdown-paragraph\"><span class=\"qwen-markdown-text\">Ja, <\/span><strong class=\"qwen-markdown-strong\"><span class=\"qwen-markdown-text\">W\u00e4scherei- und Reinigungsdienste<\/span><\/strong><span class=\"qwen-markdown-text\"> Diese stehen G\u00e4sten in der Regel zur Verf\u00fcgung. Das ist besonders praktisch f\u00fcr Familien, die mehrere Tage bleiben, oder Gesch\u00e4ftsreisende, die f\u00fcr Meetings frische Kleidung ben\u00f6tigen. Preise und Abholzeiten erhalten Sie an der Rezeption.<\/span><\/div><div class=\"qwen-markdown-space\">\u00a0<\/div><h3 class=\"qwen-markdown-heading\"><span class=\"qwen-markdown-text\">18. Kann ich mein Gep\u00e4ck nach dem Auschecken aufbewahren?<\/span><\/h3><div class=\"qwen-markdown-paragraph\"><span class=\"qwen-markdown-text\">Absolut. Das Hotel bietet <\/span><strong class=\"qwen-markdown-strong\"><span class=\"qwen-markdown-text\">Gep\u00e4ckaufbewahrungsdienste<\/span><\/strong><span class=\"qwen-markdown-text\"> F\u00fcr registrierte G\u00e4ste ist dies kostenlos. So k\u00f6nnen Sie Ihren letzten Tag in vollen Z\u00fcgen genie\u00dfen. <\/span><strong class=\"qwen-markdown-strong\"><span class=\"qwen-markdown-text\">Shanghai<\/span><\/strong><span class=\"qwen-markdown-text\"> oder besuchen Sie <\/span><strong class=\"qwen-markdown-strong\"><span class=\"qwen-markdown-text\">Disney Resort<\/span><\/strong><span class=\"qwen-markdown-text\"> ohne Ihr Gep\u00e4ck vor dem Betreten des Flughafens tragen zu m\u00fcssen.<\/span><\/div><div class=\"qwen-markdown-space\">\u00a0<\/div><h3 class=\"qwen-markdown-heading\"><span class=\"qwen-markdown-text\">19. Welche Zahlungsmethoden werden akzeptiert?<\/span><\/h3><div class=\"qwen-markdown-paragraph\"><span class=\"qwen-markdown-text\">Das Hotel akzeptiert \u00fcblicherweise g\u00e4ngige Kreditkarten (Visa, MasterCard), UnionPay und in China beliebte digitale Zahlungsmethoden wie z. B. <\/span><strong class=\"qwen-markdown-strong\"><span class=\"qwen-markdown-text\">Alipay und WeChat Pay<\/span><\/strong><span class=\"qwen-markdown-text\">. Bargeld (chinesische Yuan) wird im Allgemeinen ebenfalls akzeptiert. Internationale Reisende sollten sicherstellen, dass ihre Karten f\u00fcr Transaktionen im Ausland freigeschaltet sind.<\/span><\/div><div class=\"qwen-markdown-space\">\u00a0<\/div><h3 class=\"qwen-markdown-heading\"><span class=\"qwen-markdown-text\">20. Sprechen die Mitarbeiter Englisch?<\/span><\/h3><div class=\"qwen-markdown-paragraph\"><span class=\"qwen-markdown-text\">Ja, die Mitarbeiter an der Rezeption und der Concierge-Service im <\/span><strong class=\"qwen-markdown-strong\"><span class=\"qwen-markdown-text\">Chuxin Moshe Hotel<\/span><\/strong><span class=\"qwen-markdown-text\"> Wir sind es gewohnt, internationale G\u00e4ste zu empfangen. Obwohl die Sprachkenntnisse der einzelnen Mitarbeiter variieren k\u00f6nnen, stehen Ihnen Ansprechpartner zur Verf\u00fcgung, die englischsprachigen Reisenden bei Fragen, Wegbeschreibungen und Serviceanfragen behilflich sind.<\/span><\/div>\t\t\t\t\t\t\t\t<\/div>\n\t\t\t\t\t<\/div>\n\t\t\t\t<\/div>\n\t\t\t\t<\/div>","protected":false},"excerpt":{"rendered":"<p>Top Frequently Asked Questions (FAQs) for Chuxin Moshe Hotel (Shanghai International Tourism Resort) FAQ&#8217;S Questions &amp; Answers Location and Transportation 1. Where exactly is the Chuxin Moshe Hotel located? The hotel is situated at No. 5, Lane 2316, Zhouzhu Road, Pudong New Area, Shanghai, China. It is strategically located within the Shanghai International Tourism Resort [&hellip;]<\/p>\n","protected":false},"author":1,"featured_media":0,"parent":0,"menu_order":0,"comment_status":"closed","ping_status":"closed","template":"elementor_header_footer","meta":{"footnotes":""},"class_list":["post-2105","page","type-page","status-publish","hentry","post-no-thumbnail"],"_links":{"self":[{"href":"https:\/\/chuxinmoshehotel.com\/de\/wp-json\/wp\/v2\/pages\/2105","targetHints":{"allow":["GET"]}}],"collection":[{"href":"https:\/\/chuxinmoshehotel.com\/de\/wp-json\/wp\/v2\/pages"}],"about":[{"href":"https:\/\/chuxinmoshehotel.com\/de\/wp-json\/wp\/v2\/types\/page"}],"author":[{"embeddable":true,"href":"https:\/\/chuxinmoshehotel.com\/de\/wp-json\/wp\/v2\/users\/1"}],"replies":[{"embeddable":true,"href":"https:\/\/chuxinmoshehotel.com\/de\/wp-json\/wp\/v2\/comments?post=2105"}],"version-history":[{"count":0,"href":"https:\/\/chuxinmoshehotel.com\/de\/wp-json\/wp\/v2\/pages\/2105\/revisions"}],"wp:attachment":[{"href":"https:\/\/chuxinmoshehotel.com\/de\/wp-json\/wp\/v2\/media?parent=2105"}],"curies":[{"name":"wp","href":"https:\/\/api.w.org\/{rel}","templated":true}]}}